{"id":4150,"date":"2023-09-07T13:04:28","date_gmt":"2023-09-07T13:04:28","guid":{"rendered":"https:\/\/ocmer.com.pl\/polityka-prywatnosci\/"},"modified":"2024-01-11T14:15:49","modified_gmt":"2024-01-11T14:15:49","slug":"privacybeleid","status":"publish","type":"page","link":"https:\/\/ocmer.com.pl\/nl\/privacybeleid\/","title":{"rendered":"Privacybeleid"},"content":{"rendered":"\t\t<section class=\"page-header\" style=\"background-image: url('https:\/\/ocmer.com.pl\/wp-content\/uploads\/2023\/11\/privacy.png');\">\n\t\t\t\t\t\t<div class=\"social-buttons\">\n\t\t\t\t\t\t\t\t\t<a href=\"https:\/\/www.facebook.com\/ocmer.hale\">\n\t\t\t\t\t\t<svg width=\"14\" height=\"28\" viewBox=\"0 0 14 28\" fill=\"none\" xmlns=\"http:\/\/www.w3.org\/2000\/svg\">\n<path d=\"M8.75 9.625V6.125C8.75 5.159 9.534 4.375 10.5 4.375H12.25V0H8.75C5.85025 0 3.5 2.35025 3.5 5.25V9.625H0V14H3.5V28H8.75V14H12.25L14 9.625H8.75Z\" fill=\"#007EB9\"\/>\n<\/svg>\n\t\t\t\t\t<\/a>\n\t\t\t\t\t\t\t\t\t<a href=\"https:\/\/www.linkedin.com\/company\/ocmer\/\">\n\t\t\t\t\t\t<svg width=\"25\" height=\"26\" viewBox=\"0 0 25 26\" fill=\"none\" xmlns=\"http:\/\/www.w3.org\/2000\/svg\">\n<path fill-rule=\"evenodd\" clip-rule=\"evenodd\" d=\"M3.04107 6.20323C4.50082 6.20323 5.68419 5.01986 5.68419 3.56011C5.68419 2.10036 4.50082 0.916992 3.04107 0.916992C1.58131 0.916992 0.397949 2.10036 0.397949 3.56011C0.397949 5.01986 1.58131 6.20323 3.04107 6.20323ZM0.397949 8.46871H5.80199V25.0826H0.397949V8.46871ZM20.5218 8.66355C20.5027 8.65751 20.4839 8.6513 20.4651 8.64509C20.4275 8.63267 20.3899 8.62025 20.3497 8.60917C20.2772 8.59256 20.2047 8.57897 20.1307 8.56688C19.8437 8.50949 19.5295 8.46871 19.161 8.46871C16.0104 8.46871 14.0122 10.7599 13.3537 11.645V8.46871H7.94967V25.0826H13.3537V16.0205C13.3537 16.0205 17.4377 10.3325 19.161 14.5101V25.0826H24.5636V13.8712C24.5636 11.361 22.8433 9.2692 20.5218 8.66355Z\" fill=\"#007EB9\"\/>\n<\/svg>\n\t\t\t\t\t<\/a>\n\t\t\t\t\t\t\t\t\t<a href=\"https:\/\/www.youtube.com\/channel\/UCqBarw0eUh3ywww6TCTbi1Q\">\n\t\t\t\t\t\t<svg width=\"28\" height=\"20\" viewBox=\"0 0 28 20\" fill=\"none\" xmlns=\"http:\/\/www.w3.org\/2000\/svg\">\n<path fill-rule=\"evenodd\" clip-rule=\"evenodd\" d=\"M23.7008 0.860549C25.3214 0.951804 26.1174 1.19177 26.8508 2.49638C27.6146 3.7993 27.9999 6.04349 27.9999 9.99618V10.0012V10.0097C27.9999 13.9438 27.6146 16.2049 26.8525 17.4943C26.1191 18.7989 25.3231 19.0355 23.7025 19.1453C22.0819 19.2383 18.0109 19.294 14.4841 19.294C10.9505 19.294 6.87779 19.2383 5.25886 19.1436C3.64162 19.0338 2.84567 18.7972 2.10549 17.4926C1.3501 16.2032 0.961426 13.9421 0.961426 10.008V10.0046V9.99956V9.99449C0.961426 6.04349 1.3501 3.7993 2.10549 2.49638C2.84567 1.19008 3.64331 0.951804 5.26055 0.85886C6.87779 0.750706 10.9505 0.705078 14.4841 0.705078C18.0109 0.705078 22.0819 0.750706 23.7008 0.860549ZM19.5513 9.9993L11.1017 4.92958V15.069L19.5513 9.9993Z\" fill=\"#007EB9\"\/>\n<\/svg>\n\t\t\t\t\t<\/a>\n\t\t\t\t\t\t\t<\/div>\n\t\t\t\t\t\t<div class=\"title\">\n\t\t\t\t\t\t\t\t\t<h1>Privacybeleid<\/h1>\t\t\t\t\t\t\t<\/div>\n\t\t<\/section>\n\t\t<div class=\"container\">\n\t\t\t<div id=\"crumbs\"><a href=\"https:\/\/ocmer.com.pl\/nl\/\">Strona g\u0142\u00f3wna<\/a> <span class=\"spacer\"><svg width=\"6\" height=\"9\" viewBox=\"0 0 6 9\" fill=\"none\" xmlns=\"http:\/\/www.w3.org\/2000\/svg\">\n<path d=\"M1 8L5 4.5L1 1\" stroke=\"#393938\" stroke-width=\"1.2\"\/>\n<\/svg>\n<\/span> <span class=\"current\">Pagina<\/span><\/div>\t\t<\/div>\n\t\t\n\n\t\t<section class=\"privacy-policy-txt\">\n\t\t\t<div class=\"container\">\n\t\t\t\t<h1>INFORMATIECLAUSULE VOOR ZAKELIJKE PARTNERS<\/h1>\n<div class=\"article-container \">Wij respecteren uw privacy, en in verband met de inwerkingtreding op 25 mei 2018 van de Verordening van het Europees Parlement en de Raad (EU) 2016\/679 van 27 april 2016 betreffende de bescherming van natuurlijke personen bij de verwerking van persoonsgegevens en betreffende het vrije verkeer van die gegevens, en tot intrekking van Richtlijn 95\/46\/EG (Algemene Verordening Gegevensbescherming) (PbEU L 119 van 4.5.2016, hierna: &#8220;de Verordening&#8221;), verstrekken wij u de volgende informatie:<\/p>\n<ol>\n<li>De beheerder van uw persoonsgegevens is OCMER Sp. z o.o., gevestigd in \u0141\u00f3d\u017a (90-437), aan de al. Ko\u015bciuszki 80\/82, REGON 470947244, BTW-nummer: 725-10-08-043. Voor zaken gerelateerd aan de verwerking van uw gegevens kunt u telefonisch contact opnemen: +42 634 87 90 en per e-mail: <a href=\"mailto:rodo@ocmer.com.pl\" target=\"_new\">rodo@ocmer.com.pl<\/a><\/li>\n<li>U heeft het recht om van de Beheerder toegang te vragen tot uw gegevens, deze te corrigeren, het verwijderen of beperken van de verwerking ervan te vragen, en het recht om bezwaar te maken tegen de verwerking van uw gegevens en te vragen om stopzetting van de overdracht van gegevens.<\/li>\n<li>U heeft ook het recht om een klacht in te dienen bij de toezichthoudende autoriteit die verantwoordelijk is voor het naleven van de regels inzake gegevensbescherming, namelijk de President van het Bureau voor de Bescherming van Persoonsgegevens.<\/li>\n<li>Uw persoonsgegevens worden verwerkt &#8211; in de mate van naam en achternaam, e-mailadres, telefoonnummer en beroepspositie &#8211; voor doeleinden:<br \/>\n&#8211; uitvoering van de met u gesloten overeenkomst of om actie te ondernemen op uw verzoek, voordat de overeenkomst wordt gesloten (art. 6 lid 1 sub \u201eb\u201d AVG);<br \/>\n&#8211; voortvloeiend uit rechtmatige belangen die worden nagestreefd door de Beheerder of door een derde partij, bestaande uit de noodzaak om goederen of diensten te kopen die nodig zijn voor de uitvoering van de overeenkomst;<br \/>\n&#8211; noodzakelijk om te voldoen aan de wettelijke verplichting van de Beheerder, in het bijzonder de belastingverplichting, de boekhoudplicht, de archiveringsplicht.<\/li>\n<li>Het verstrekken van uw persoonsgegevens is vrijwillig, maar noodzakelijk om de overeenkomst te sluiten en uit te voeren.<\/li>\n<li>Ontvangers van uw persoonsgegevens zullen die entiteiten zijn waaraan wij verplicht zijn gegevens te verstrekken op grond van de toepasselijke wettelijke bepalingen, waaronder belastingdiensten, evenals entiteiten die IT, boekhoudkundige, juridische, transport-, koeriers-, postdiensten etc. voor ons uitvoeren, en andere entiteiten aan wie wij de verwerking van gegevens opdragen.<\/li>\n<li>Uw persoonsgegevens worden door de Beheerder verwerkt gedurende 15 jaar vanaf het moment van be\u00ebindiging en uitvoering van de gesloten overeenkomsten.<\/li>\n<li>Uw persoonsgegevens zijn rechtstreeks van u verkregen of uit openbaar toegankelijke bronnen.<\/li>\n<li>De Beheerder doet zijn uiterste best om alle fysieke, technische en organisatorische beschermingsmaatregelen van uw persoonsgegevens te waarborgen tegen hun toevallige of opzettelijke vernietiging, toevallig verlies, wijziging, onbevoegde openbaarmaking, gebruik of toegang, in overeenstemming met alle toepasselijke voorschriften.<\/li>\n<\/ol>\n<\/div>\n\t\t\t<\/div>\n\t\t<\/section>\n\t\t","protected":false},"excerpt":{"rendered":"","protected":false},"author":4,"featured_media":0,"parent":0,"menu_order":0,"comment_status":"closed","ping_status":"open","template":"","meta":{"_acf_changed":false,"footnotes":""},"class_list":["post-4150","page","type-page","status-publish","hentry"],"acf":[],"yoast_head":"<!-- This site is optimized with the Yoast SEO plugin v27.4 - https:\/\/yoast.com\/product\/yoast-seo-wordpress\/ -->\n<title>Privacybeleid - Ocmer - producent nowoczesnych hal, wielkopowierzchniowych obiekt\u00f3w przemys\u0142owych<\/title>\n<meta name=\"robots\" content=\"index, follow, max-snippet:-1, max-image-preview:large, max-video-preview:-1\" \/>\n<link rel=\"canonical\" href=\"https:\/\/ocmer.com.pl\/polityka-prywatnosci\/\" \/>\n<meta property=\"og:locale\" content=\"nl_NL\" \/>\n<meta property=\"og:type\" content=\"article\" \/>\n<meta property=\"og:title\" content=\"Privacybeleid - Ocmer - producent nowoczesnych hal, wielkopowierzchniowych obiekt\u00f3w przemys\u0142owych\" \/>\n<meta property=\"og:url\" content=\"https:\/\/ocmer.com.pl\/polityka-prywatnosci\/\" \/>\n<meta property=\"og:site_name\" content=\"Ocmer - producent nowoczesnych hal, wielkopowierzchniowych obiekt\u00f3w przemys\u0142owych\" \/>\n<meta property=\"article:publisher\" content=\"https:\/\/www.facebook.com\/ocmer.hale\" \/>\n<meta property=\"article:modified_time\" content=\"2024-01-11T14:15:49+00:00\" \/>\n<meta name=\"twitter:card\" content=\"summary_large_image\" \/>\n<script type=\"application\/ld+json\" class=\"yoast-schema-graph\">{\"@context\":\"https:\\\/\\\/schema.org\",\"@graph\":[{\"@type\":\"WebPage\",\"@id\":\"https:\\\/\\\/ocmer.com.pl\\\/polityka-prywatnosci\\\/\",\"url\":\"https:\\\/\\\/ocmer.com.pl\\\/polityka-prywatnosci\\\/\",\"name\":\"Privacybeleid - Ocmer - producent nowoczesnych hal, wielkopowierzchniowych obiekt\u00f3w przemys\u0142owych\",\"isPartOf\":{\"@id\":\"https:\\\/\\\/ocmer.com.pl\\\/#website\"},\"datePublished\":\"2023-09-07T13:04:28+00:00\",\"dateModified\":\"2024-01-11T14:15:49+00:00\",\"breadcrumb\":{\"@id\":\"https:\\\/\\\/ocmer.com.pl\\\/polityka-prywatnosci\\\/#breadcrumb\"},\"inLanguage\":\"nl-NL\",\"potentialAction\":[{\"@type\":\"ReadAction\",\"target\":[\"https:\\\/\\\/ocmer.com.pl\\\/polityka-prywatnosci\\\/\"]}]},{\"@type\":\"BreadcrumbList\",\"@id\":\"https:\\\/\\\/ocmer.com.pl\\\/polityka-prywatnosci\\\/#breadcrumb\",\"itemListElement\":[{\"@type\":\"ListItem\",\"position\":1,\"name\":\"Strona g\u0142\u00f3wna\",\"item\":\"https:\\\/\\\/ocmer.com.pl\\\/nl\\\/\"},{\"@type\":\"ListItem\",\"position\":2,\"name\":\"Privacybeleid\"}]},{\"@type\":\"WebSite\",\"@id\":\"https:\\\/\\\/ocmer.com.pl\\\/#website\",\"url\":\"https:\\\/\\\/ocmer.com.pl\\\/\",\"name\":\"Hale przemys\u0142owe: generalny wykonawca | Ocmer Sp. z o.o.\",\"description\":\"\",\"publisher\":{\"@id\":\"https:\\\/\\\/ocmer.com.pl\\\/#organization\"},\"potentialAction\":[{\"@type\":\"SearchAction\",\"target\":{\"@type\":\"EntryPoint\",\"urlTemplate\":\"https:\\\/\\\/ocmer.com.pl\\\/?s={search_term_string}\"},\"query-input\":{\"@type\":\"PropertyValueSpecification\",\"valueRequired\":true,\"valueName\":\"search_term_string\"}}],\"inLanguage\":\"nl-NL\"},{\"@type\":\"Organization\",\"@id\":\"https:\\\/\\\/ocmer.com.pl\\\/#organization\",\"name\":\"Ocmer Sp. z o.o.\",\"url\":\"https:\\\/\\\/ocmer.com.pl\\\/\",\"logo\":{\"@type\":\"ImageObject\",\"inLanguage\":\"nl-NL\",\"@id\":\"https:\\\/\\\/ocmer.com.pl\\\/#\\\/schema\\\/logo\\\/image\\\/\",\"url\":\"https:\\\/\\\/ocmer.com.pl\\\/wp-content\\\/uploads\\\/2024\\\/11\\\/logo-OCMER-30-lat-1.svg\",\"contentUrl\":\"https:\\\/\\\/ocmer.com.pl\\\/wp-content\\\/uploads\\\/2024\\\/11\\\/logo-OCMER-30-lat-1.svg\",\"caption\":\"Ocmer Sp. z o.o.\"},\"image\":{\"@id\":\"https:\\\/\\\/ocmer.com.pl\\\/#\\\/schema\\\/logo\\\/image\\\/\"},\"sameAs\":[\"https:\\\/\\\/www.facebook.com\\\/ocmer.hale\",\"https:\\\/\\\/www.linkedin.com\\\/company\\\/ocmer\\\/\",\"https:\\\/\\\/www.youtube.com\\\/channel\\\/UCqBarw0eUh3ywww6TCTbi1Q\"]}]}<\/script>\n<!-- \/ Yoast SEO plugin. -->","yoast_head_json":{"title":"Privacybeleid - Ocmer - producent nowoczesnych hal, wielkopowierzchniowych obiekt\u00f3w przemys\u0142owych","robots":{"index":"index","follow":"follow","max-snippet":"max-snippet:-1","max-image-preview":"max-image-preview:large","max-video-preview":"max-video-preview:-1"},"canonical":"https:\/\/ocmer.com.pl\/polityka-prywatnosci\/","og_locale":"nl_NL","og_type":"article","og_title":"Privacybeleid - Ocmer - producent nowoczesnych hal, wielkopowierzchniowych obiekt\u00f3w przemys\u0142owych","og_url":"https:\/\/ocmer.com.pl\/polityka-prywatnosci\/","og_site_name":"Ocmer - producent nowoczesnych hal, wielkopowierzchniowych obiekt\u00f3w przemys\u0142owych","article_publisher":"https:\/\/www.facebook.com\/ocmer.hale","article_modified_time":"2024-01-11T14:15:49+00:00","twitter_card":"summary_large_image","schema":{"@context":"https:\/\/schema.org","@graph":[{"@type":"WebPage","@id":"https:\/\/ocmer.com.pl\/polityka-prywatnosci\/","url":"https:\/\/ocmer.com.pl\/polityka-prywatnosci\/","name":"Privacybeleid - Ocmer - producent nowoczesnych hal, wielkopowierzchniowych obiekt\u00f3w przemys\u0142owych","isPartOf":{"@id":"https:\/\/ocmer.com.pl\/#website"},"datePublished":"2023-09-07T13:04:28+00:00","dateModified":"2024-01-11T14:15:49+00:00","breadcrumb":{"@id":"https:\/\/ocmer.com.pl\/polityka-prywatnosci\/#breadcrumb"},"inLanguage":"nl-NL","potentialAction":[{"@type":"ReadAction","target":["https:\/\/ocmer.com.pl\/polityka-prywatnosci\/"]}]},{"@type":"BreadcrumbList","@id":"https:\/\/ocmer.com.pl\/polityka-prywatnosci\/#breadcrumb","itemListElement":[{"@type":"ListItem","position":1,"name":"Strona g\u0142\u00f3wna","item":"https:\/\/ocmer.com.pl\/nl\/"},{"@type":"ListItem","position":2,"name":"Privacybeleid"}]},{"@type":"WebSite","@id":"https:\/\/ocmer.com.pl\/#website","url":"https:\/\/ocmer.com.pl\/","name":"Hale przemys\u0142owe: generalny wykonawca | Ocmer Sp. z o.o.","description":"","publisher":{"@id":"https:\/\/ocmer.com.pl\/#organization"},"potentialAction":[{"@type":"SearchAction","target":{"@type":"EntryPoint","urlTemplate":"https:\/\/ocmer.com.pl\/?s={search_term_string}"},"query-input":{"@type":"PropertyValueSpecification","valueRequired":true,"valueName":"search_term_string"}}],"inLanguage":"nl-NL"},{"@type":"Organization","@id":"https:\/\/ocmer.com.pl\/#organization","name":"Ocmer Sp. z o.o.","url":"https:\/\/ocmer.com.pl\/","logo":{"@type":"ImageObject","inLanguage":"nl-NL","@id":"https:\/\/ocmer.com.pl\/#\/schema\/logo\/image\/","url":"https:\/\/ocmer.com.pl\/wp-content\/uploads\/2024\/11\/logo-OCMER-30-lat-1.svg","contentUrl":"https:\/\/ocmer.com.pl\/wp-content\/uploads\/2024\/11\/logo-OCMER-30-lat-1.svg","caption":"Ocmer Sp. z o.o."},"image":{"@id":"https:\/\/ocmer.com.pl\/#\/schema\/logo\/image\/"},"sameAs":["https:\/\/www.facebook.com\/ocmer.hale","https:\/\/www.linkedin.com\/company\/ocmer\/","https:\/\/www.youtube.com\/channel\/UCqBarw0eUh3ywww6TCTbi1Q"]}]}},"_links":{"self":[{"href":"https:\/\/ocmer.com.pl\/nl\/wp-json\/wp\/v2\/pages\/4150","targetHints":{"allow":["GET"]}}],"collection":[{"href":"https:\/\/ocmer.com.pl\/nl\/wp-json\/wp\/v2\/pages"}],"about":[{"href":"https:\/\/ocmer.com.pl\/nl\/wp-json\/wp\/v2\/types\/page"}],"author":[{"embeddable":true,"href":"https:\/\/ocmer.com.pl\/nl\/wp-json\/wp\/v2\/users\/4"}],"replies":[{"embeddable":true,"href":"https:\/\/ocmer.com.pl\/nl\/wp-json\/wp\/v2\/comments?post=4150"}],"version-history":[{"count":5,"href":"https:\/\/ocmer.com.pl\/nl\/wp-json\/wp\/v2\/pages\/4150\/revisions"}],"predecessor-version":[{"id":5633,"href":"https:\/\/ocmer.com.pl\/nl\/wp-json\/wp\/v2\/pages\/4150\/revisions\/5633"}],"wp:attachment":[{"href":"https:\/\/ocmer.com.pl\/nl\/wp-json\/wp\/v2\/media?parent=4150"}],"curies":[{"name":"wp","href":"https:\/\/api.w.org\/{rel}","templated":true}]}}