{"id":4151,"date":"2023-09-07T13:04:28","date_gmt":"2023-09-07T13:04:28","guid":{"rendered":"https:\/\/ocmer.com.pl\/polityka-prywatnosci\/"},"modified":"2023-12-05T14:05:56","modified_gmt":"2023-12-05T14:05:56","slug":"privacy-policy","status":"publish","type":"page","link":"https:\/\/ocmer.com.pl\/en\/privacy-policy\/","title":{"rendered":"Privacy policy"},"content":{"rendered":"\t\t<section class=\"page-header\" style=\"background-image: url('https:\/\/ocmer.com.pl\/wp-content\/uploads\/2023\/11\/privacy.png');\">\n\t\t\t\t\t\t<div class=\"social-buttons\">\n\t\t\t\t\t\t\t\t\t<a href=\"https:\/\/www.facebook.com\/ocmer.hale\">\n\t\t\t\t\t\t<svg width=\"14\" height=\"28\" viewBox=\"0 0 14 28\" fill=\"none\" xmlns=\"http:\/\/www.w3.org\/2000\/svg\">\n<path d=\"M8.75 9.625V6.125C8.75 5.159 9.534 4.375 10.5 4.375H12.25V0H8.75C5.85025 0 3.5 2.35025 3.5 5.25V9.625H0V14H3.5V28H8.75V14H12.25L14 9.625H8.75Z\" fill=\"#007EB9\"\/>\n<\/svg>\n\t\t\t\t\t<\/a>\n\t\t\t\t\t\t\t\t\t<a href=\"https:\/\/www.linkedin.com\/company\/ocmer\/\">\n\t\t\t\t\t\t<svg width=\"25\" height=\"26\" viewBox=\"0 0 25 26\" fill=\"none\" xmlns=\"http:\/\/www.w3.org\/2000\/svg\">\n<path fill-rule=\"evenodd\" clip-rule=\"evenodd\" d=\"M3.04107 6.20323C4.50082 6.20323 5.68419 5.01986 5.68419 3.56011C5.68419 2.10036 4.50082 0.916992 3.04107 0.916992C1.58131 0.916992 0.397949 2.10036 0.397949 3.56011C0.397949 5.01986 1.58131 6.20323 3.04107 6.20323ZM0.397949 8.46871H5.80199V25.0826H0.397949V8.46871ZM20.5218 8.66355C20.5027 8.65751 20.4839 8.6513 20.4651 8.64509C20.4275 8.63267 20.3899 8.62025 20.3497 8.60917C20.2772 8.59256 20.2047 8.57897 20.1307 8.56688C19.8437 8.50949 19.5295 8.46871 19.161 8.46871C16.0104 8.46871 14.0122 10.7599 13.3537 11.645V8.46871H7.94967V25.0826H13.3537V16.0205C13.3537 16.0205 17.4377 10.3325 19.161 14.5101V25.0826H24.5636V13.8712C24.5636 11.361 22.8433 9.2692 20.5218 8.66355Z\" fill=\"#007EB9\"\/>\n<\/svg>\n\t\t\t\t\t<\/a>\n\t\t\t\t\t\t\t\t\t<a href=\"https:\/\/www.youtube.com\/channel\/UCqBarw0eUh3ywww6TCTbi1Q\">\n\t\t\t\t\t\t<svg width=\"28\" height=\"20\" viewBox=\"0 0 28 20\" fill=\"none\" xmlns=\"http:\/\/www.w3.org\/2000\/svg\">\n<path fill-rule=\"evenodd\" clip-rule=\"evenodd\" d=\"M23.7008 0.860549C25.3214 0.951804 26.1174 1.19177 26.8508 2.49638C27.6146 3.7993 27.9999 6.04349 27.9999 9.99618V10.0012V10.0097C27.9999 13.9438 27.6146 16.2049 26.8525 17.4943C26.1191 18.7989 25.3231 19.0355 23.7025 19.1453C22.0819 19.2383 18.0109 19.294 14.4841 19.294C10.9505 19.294 6.87779 19.2383 5.25886 19.1436C3.64162 19.0338 2.84567 18.7972 2.10549 17.4926C1.3501 16.2032 0.961426 13.9421 0.961426 10.008V10.0046V9.99956V9.99449C0.961426 6.04349 1.3501 3.7993 2.10549 2.49638C2.84567 1.19008 3.64331 0.951804 5.26055 0.85886C6.87779 0.750706 10.9505 0.705078 14.4841 0.705078C18.0109 0.705078 22.0819 0.750706 23.7008 0.860549ZM19.5513 9.9993L11.1017 4.92958V15.069L19.5513 9.9993Z\" fill=\"#007EB9\"\/>\n<\/svg>\n\t\t\t\t\t<\/a>\n\t\t\t\t\t\t\t<\/div>\n\t\t\t\t\t\t<div class=\"title\">\n\t\t\t\t\t\t\t\t\t<h1>Privacy policy<\/h1>\t\t\t\t\t\t\t<\/div>\n\t\t<\/section>\n\t\t<div class=\"container\">\n\t\t\t<div id=\"crumbs\"><a href=\"https:\/\/ocmer.com.pl\/en\/\">Strona g\u0142\u00f3wna<\/a> <span class=\"spacer\"><svg width=\"6\" height=\"9\" viewBox=\"0 0 6 9\" fill=\"none\" xmlns=\"http:\/\/www.w3.org\/2000\/svg\">\n<path d=\"M1 8L5 4.5L1 1\" stroke=\"#393938\" stroke-width=\"1.2\"\/>\n<\/svg>\n<\/span> <span class=\"current\">Page<\/span><\/div>\t\t<\/div>\n\t\t\n\n\t\t<section class=\"privacy-policy-txt\">\n\t\t\t<div class=\"container\">\n\t\t\t\t<h1>INFORMATION CLAUSE FOR CONTRACTORS<\/h1>\n<div class=\"article-container \">\n<p>We respect your privacy, therefore, in connection with the entry into force on May 25, 2018, of the Regulation of the European Parliament and of the Council (EU) 2016\/679 of April 27, 2016, on the protection of natural persons with regard to the processing of personal data and on the free movement of such data, and repealing Directive 95\/46\/EC (General Data Protection Regulation) (OJ L 119 of 4.5.2016, referred to as &#8220;the Regulation&#8221;), we provide the following information:<\/p>\n<ol>\n<li>The Administrator of your personal data is OCMER Sp. z o.o., located in \u0141\u00f3d\u017a (90-437), at al. Ko\u015bciuszki 80\/82, REGON 470947244, NIP: 725-10-08-043. For matters related to the processing of your data, you can contact us by phone: 42 634 87 90 or by email: <a href=\"mailto:rodo@ocmer.com.pl\">rodo@ocmer.com.pl<\/a>.<\/li>\n<li>You have the right to request from the Administrator access to your data, its rectification, deletion, or restriction of processing, as well as the right to object to the processing of your data and request the cessation of data transfer.<\/li>\n<li>You also have the right to lodge a complaint with the supervisory authority overseeing compliance with personal data protection regulations, which is the President of the Personal Data Protection Office.<\/li>\n<li>Your personal data will be processed &#8211; in terms of name, email address, telephone number, and job position &#8211; for the purposes of:<\/li>\n<\/ol>\n<ul>\n<li>fulfilling the contract concluded with you or taking action at your request, before concluding the contract (Article 6(1)(b) of the GDPR);<\/li>\n<li>resulting from legally justified interests pursued by the Administrator or by a third party, consisting in the necessity to purchase goods or services necessary for the performance of the contract;<\/li>\n<li>necessary to fulfill the legal obligation of the Administrator, in particular the tax obligation, the obligation to keep accounts, the archival obligation.<\/li>\n<\/ul>\n<ol>\n<li>Providing your personal data is voluntary but necessary for the conclusion and performance of the contract.<\/li>\n<li>Recipients of your personal data will be entities to which we are obliged to transfer data under the applicable legal provisions, including tax offices, as well as entities providing IT, accounting, legal, transport, courier, postal services, etc., on our behalf, and other entities to which we will entrust data processing.<\/li>\n<li>Your personal data will be processed by the Administrator for 15 years from the end of the duration and execution of the concluded contracts.<\/li>\n<li>Your personal data was obtained directly from you or from publicly available sources.<\/li>\n<li>The Administrator makes every effort to ensure all physical, technical, and organizational measures to protect your personal data against accidental or intentional destruction, accidental loss, alteration, unauthorized disclosure, use, or access, in accordance with all applicable regulations.<\/li>\n<\/ol>\n<\/div>\n\t\t\t<\/div>\n\t\t<\/section>\n\t\t","protected":false},"excerpt":{"rendered":"","protected":false},"author":4,"featured_media":0,"parent":0,"menu_order":0,"comment_status":"closed","ping_status":"open","template":"","meta":{"_acf_changed":false,"footnotes":""},"class_list":["post-4151","page","type-page","status-publish","hentry"],"acf":[],"yoast_head":"<!-- This site is optimized with the Yoast SEO plugin v27.4 - https:\/\/yoast.com\/product\/yoast-seo-wordpress\/ -->\n<title>Privacy policy - Ocmer: Hale przemys\u0142owe<\/title>\n<meta name=\"robots\" content=\"index, follow, max-snippet:-1, max-image-preview:large, max-video-preview:-1\" \/>\n<link rel=\"canonical\" href=\"https:\/\/ocmer.com.pl\/polityka-prywatnosci\/\" \/>\n<meta property=\"og:locale\" content=\"en_US\" \/>\n<meta property=\"og:type\" content=\"article\" \/>\n<meta property=\"og:title\" content=\"Privacy policy - Ocmer: Hale przemys\u0142owe\" \/>\n<meta property=\"og:url\" content=\"https:\/\/ocmer.com.pl\/polityka-prywatnosci\/\" \/>\n<meta property=\"og:site_name\" content=\"Ocmer: Hale przemys\u0142owe\" \/>\n<meta property=\"article:publisher\" content=\"https:\/\/www.facebook.com\/ocmer.hale\" \/>\n<meta property=\"article:modified_time\" content=\"2023-12-05T14:05:56+00:00\" \/>\n<meta name=\"twitter:card\" content=\"summary_large_image\" \/>\n<script type=\"application\/ld+json\" class=\"yoast-schema-graph\">{\"@context\":\"https:\\\/\\\/schema.org\",\"@graph\":[{\"@type\":\"WebPage\",\"@id\":\"https:\\\/\\\/ocmer.com.pl\\\/polityka-prywatnosci\\\/\",\"url\":\"https:\\\/\\\/ocmer.com.pl\\\/polityka-prywatnosci\\\/\",\"name\":\"Privacy policy - Ocmer: Hale przemys\u0142owe\",\"isPartOf\":{\"@id\":\"https:\\\/\\\/ocmer.com.pl\\\/#website\"},\"datePublished\":\"2023-09-07T13:04:28+00:00\",\"dateModified\":\"2023-12-05T14:05:56+00:00\",\"breadcrumb\":{\"@id\":\"https:\\\/\\\/ocmer.com.pl\\\/polityka-prywatnosci\\\/#breadcrumb\"},\"inLanguage\":\"en-US\",\"potentialAction\":[{\"@type\":\"ReadAction\",\"target\":[\"https:\\\/\\\/ocmer.com.pl\\\/polityka-prywatnosci\\\/\"]}]},{\"@type\":\"BreadcrumbList\",\"@id\":\"https:\\\/\\\/ocmer.com.pl\\\/polityka-prywatnosci\\\/#breadcrumb\",\"itemListElement\":[{\"@type\":\"ListItem\",\"position\":1,\"name\":\"Strona g\u0142\u00f3wna\",\"item\":\"https:\\\/\\\/ocmer.com.pl\\\/en\\\/\"},{\"@type\":\"ListItem\",\"position\":2,\"name\":\"Privacy policy\"}]},{\"@type\":\"WebSite\",\"@id\":\"https:\\\/\\\/ocmer.com.pl\\\/#website\",\"url\":\"https:\\\/\\\/ocmer.com.pl\\\/\",\"name\":\"Hale przemys\u0142owe: generalny wykonawca | Ocmer Sp. z o.o.\",\"description\":\"\",\"publisher\":{\"@id\":\"https:\\\/\\\/ocmer.com.pl\\\/#organization\"},\"potentialAction\":[{\"@type\":\"SearchAction\",\"target\":{\"@type\":\"EntryPoint\",\"urlTemplate\":\"https:\\\/\\\/ocmer.com.pl\\\/?s={search_term_string}\"},\"query-input\":{\"@type\":\"PropertyValueSpecification\",\"valueRequired\":true,\"valueName\":\"search_term_string\"}}],\"inLanguage\":\"en-US\"},{\"@type\":\"Organization\",\"@id\":\"https:\\\/\\\/ocmer.com.pl\\\/#organization\",\"name\":\"Ocmer Sp. z o.o.\",\"url\":\"https:\\\/\\\/ocmer.com.pl\\\/\",\"logo\":{\"@type\":\"ImageObject\",\"inLanguage\":\"en-US\",\"@id\":\"https:\\\/\\\/ocmer.com.pl\\\/#\\\/schema\\\/logo\\\/image\\\/\",\"url\":\"https:\\\/\\\/ocmer.com.pl\\\/wp-content\\\/uploads\\\/2024\\\/11\\\/logo-OCMER-30-lat-1.svg\",\"contentUrl\":\"https:\\\/\\\/ocmer.com.pl\\\/wp-content\\\/uploads\\\/2024\\\/11\\\/logo-OCMER-30-lat-1.svg\",\"caption\":\"Ocmer Sp. z o.o.\"},\"image\":{\"@id\":\"https:\\\/\\\/ocmer.com.pl\\\/#\\\/schema\\\/logo\\\/image\\\/\"},\"sameAs\":[\"https:\\\/\\\/www.facebook.com\\\/ocmer.hale\",\"https:\\\/\\\/www.linkedin.com\\\/company\\\/ocmer\\\/\",\"https:\\\/\\\/www.youtube.com\\\/channel\\\/UCqBarw0eUh3ywww6TCTbi1Q\"]}]}<\/script>\n<!-- \/ Yoast SEO plugin. -->","yoast_head_json":{"title":"Privacy policy - Ocmer: Hale przemys\u0142owe","robots":{"index":"index","follow":"follow","max-snippet":"max-snippet:-1","max-image-preview":"max-image-preview:large","max-video-preview":"max-video-preview:-1"},"canonical":"https:\/\/ocmer.com.pl\/polityka-prywatnosci\/","og_locale":"en_US","og_type":"article","og_title":"Privacy policy - Ocmer: Hale przemys\u0142owe","og_url":"https:\/\/ocmer.com.pl\/polityka-prywatnosci\/","og_site_name":"Ocmer: Hale przemys\u0142owe","article_publisher":"https:\/\/www.facebook.com\/ocmer.hale","article_modified_time":"2023-12-05T14:05:56+00:00","twitter_card":"summary_large_image","schema":{"@context":"https:\/\/schema.org","@graph":[{"@type":"WebPage","@id":"https:\/\/ocmer.com.pl\/polityka-prywatnosci\/","url":"https:\/\/ocmer.com.pl\/polityka-prywatnosci\/","name":"Privacy policy - Ocmer: Hale przemys\u0142owe","isPartOf":{"@id":"https:\/\/ocmer.com.pl\/#website"},"datePublished":"2023-09-07T13:04:28+00:00","dateModified":"2023-12-05T14:05:56+00:00","breadcrumb":{"@id":"https:\/\/ocmer.com.pl\/polityka-prywatnosci\/#breadcrumb"},"inLanguage":"en-US","potentialAction":[{"@type":"ReadAction","target":["https:\/\/ocmer.com.pl\/polityka-prywatnosci\/"]}]},{"@type":"BreadcrumbList","@id":"https:\/\/ocmer.com.pl\/polityka-prywatnosci\/#breadcrumb","itemListElement":[{"@type":"ListItem","position":1,"name":"Strona g\u0142\u00f3wna","item":"https:\/\/ocmer.com.pl\/en\/"},{"@type":"ListItem","position":2,"name":"Privacy policy"}]},{"@type":"WebSite","@id":"https:\/\/ocmer.com.pl\/#website","url":"https:\/\/ocmer.com.pl\/","name":"Hale przemys\u0142owe: generalny wykonawca | Ocmer Sp. z o.o.","description":"","publisher":{"@id":"https:\/\/ocmer.com.pl\/#organization"},"potentialAction":[{"@type":"SearchAction","target":{"@type":"EntryPoint","urlTemplate":"https:\/\/ocmer.com.pl\/?s={search_term_string}"},"query-input":{"@type":"PropertyValueSpecification","valueRequired":true,"valueName":"search_term_string"}}],"inLanguage":"en-US"},{"@type":"Organization","@id":"https:\/\/ocmer.com.pl\/#organization","name":"Ocmer Sp. z o.o.","url":"https:\/\/ocmer.com.pl\/","logo":{"@type":"ImageObject","inLanguage":"en-US","@id":"https:\/\/ocmer.com.pl\/#\/schema\/logo\/image\/","url":"https:\/\/ocmer.com.pl\/wp-content\/uploads\/2024\/11\/logo-OCMER-30-lat-1.svg","contentUrl":"https:\/\/ocmer.com.pl\/wp-content\/uploads\/2024\/11\/logo-OCMER-30-lat-1.svg","caption":"Ocmer Sp. z o.o."},"image":{"@id":"https:\/\/ocmer.com.pl\/#\/schema\/logo\/image\/"},"sameAs":["https:\/\/www.facebook.com\/ocmer.hale","https:\/\/www.linkedin.com\/company\/ocmer\/","https:\/\/www.youtube.com\/channel\/UCqBarw0eUh3ywww6TCTbi1Q"]}]}},"_links":{"self":[{"href":"https:\/\/ocmer.com.pl\/en\/wp-json\/wp\/v2\/pages\/4151","targetHints":{"allow":["GET"]}}],"collection":[{"href":"https:\/\/ocmer.com.pl\/en\/wp-json\/wp\/v2\/pages"}],"about":[{"href":"https:\/\/ocmer.com.pl\/en\/wp-json\/wp\/v2\/types\/page"}],"author":[{"embeddable":true,"href":"https:\/\/ocmer.com.pl\/en\/wp-json\/wp\/v2\/users\/4"}],"replies":[{"embeddable":true,"href":"https:\/\/ocmer.com.pl\/en\/wp-json\/wp\/v2\/comments?post=4151"}],"version-history":[{"count":3,"href":"https:\/\/ocmer.com.pl\/en\/wp-json\/wp\/v2\/pages\/4151\/revisions"}],"predecessor-version":[{"id":4167,"href":"https:\/\/ocmer.com.pl\/en\/wp-json\/wp\/v2\/pages\/4151\/revisions\/4167"}],"wp:attachment":[{"href":"https:\/\/ocmer.com.pl\/en\/wp-json\/wp\/v2\/media?parent=4151"}],"curies":[{"name":"wp","href":"https:\/\/api.w.org\/{rel}","templated":true}]}}